{"id":1317,"date":"2024-12-29T12:20:02","date_gmt":"2024-12-29T11:20:02","guid":{"rendered":"https:\/\/runningcultural.es\/?page_id=1317"},"modified":"2025-06-17T22:56:30","modified_gmt":"2025-06-17T20:56:30","slug":"home","status":"publish","type":"page","link":"https:\/\/runningcultural.es\/","title":{"rendered":"Home"},"content":{"rendered":"<div class=\"kb-row-layout-wrap kb-row-layout-id1317_d290ff-2a alignnone wp-block-kadence-rowlayout\"><div class=\"kt-row-column-wrap kt-has-1-columns kt-row-layout-equal kt-tab-layout-inherit kt-mobile-layout-row kt-row-valign-top\">\n\n<div class=\"wp-block-kadence-column kadence-column1317_fff318-bb kb-section-sm-dir-vertical-reverse\"><div class=\"kt-inside-inner-col\">\n<figure class=\"wp-block-embed is-type-video is-provider-youtube wp-block-embed-youtube wp-embed-aspect-16-9 wp-has-aspect-ratio\" style=\"margin-top:0;margin-right:var(--wp--preset--spacing--40);margin-bottom:0;margin-left:var(--wp--preset--spacing--40)\"><div class=\"wp-block-embed__wrapper\">\n<iframe title=\"Running Cultural\" width=\"720\" height=\"405\" src=\"https:\/\/www.youtube.com\/embed\/vC3WVCKSAuU?feature=oembed\" frameborder=\"0\" allow=\"accelerometer; autoplay; clipboard-write; encrypted-media; gyroscope; picture-in-picture; web-share\" referrerpolicy=\"strict-origin-when-cross-origin\" allowfullscreen><\/iframe>\n<\/div><\/figure>\n<\/div><\/div>\n\n\n\n<div class=\"wp-block-kadence-column kadence-column1317_c582af-c6\"><div class=\"kt-inside-inner-col\"><div class=\"titulo-categorias\">\n<p><span class=\"icono\">\ud83d\udccd<\/span> Selecciona Ruta\/Opci\u00f3n<\/p>\n<div class=\"contador-categorias-botones\"><a href=\"https:\/\/runningcultural.es\/index.php\/category\/ciudad\/\" class=\"wp-block-button__link kadence-button\">Ciudad (1)<\/a><a href=\"https:\/\/runningcultural.es\/index.php\/category\/montana\/\" class=\"wp-block-button__link kadence-button\">Monta\u00f1a (6)<\/a><a href=\"https:\/\/runningcultural.es\/index.php\/category\/parques\/\" class=\"wp-block-button__link kadence-button\">Parques (1)<\/a><a href=\"https:\/\/runningcultural.es\/index.php\/category\/peculiares\/\" class=\"wp-block-button__link kadence-button\">Peculiares (2)<\/a><a href=\"https:\/\/runningcultural.es\/index.php\/category\/relatos\/\" class=\"wp-block-button__link kadence-button\">Reportajes (33)<\/a><a href=\"https:\/\/runningcultural.es\/index.php\/colaboradores\/\" class=\"wp-block-button__link kadence-button\">A\u00f1ade Rutas<\/a><a href=\"https:\/\/runningcultural.es\/index.php\/suscribete-boton\/\" class=\"wp-block-button__link kadence-button\">Suscr\u00edbete<\/a><a href=\"https:\/\/runningcultural.es\/index.php\/eventos\/\" class=\"wp-block-button__link kadence-button\">Pr\u00f3x. Eventos<\/a><\/div><\/div>\n<\/div><\/div>\n\n\n\n<div class=\"wp-block-kadence-column kadence-column1317_29d990-19\"><div class=\"kt-inside-inner-col\">\n<h2 class=\"wp-block-heading has-text-align-center\">#RunningCultural<\/h2>\n\n\n\n<div class=\"wp-block-kadence-column kadence-column1317_181a50-85\"><div class=\"kt-inside-inner-col\">\n<p>\ud83c\udfc3Unimos la <strong>#pasi\u00f3n<\/strong> por correr con el <strong>#placer<\/strong> de descubrir la historia, la cultura y los rincones ocultos de cada lugar.<\/p>\n\n\n\n<p>Desde <strong>rutas urbanas<\/strong> cortas <strong>hasta aventuras en la monta\u00f1a<\/strong>, pasando por <strong>experiencias en carreras <\/strong>organizadas, aqu\u00ed encontrar\u00e1s el camino perfecto para ti.<\/p>\n\n\n\n<ul class=\"wp-block-list\">\n<li>\ud83c\udfa5 <strong>Visualiza antes de correr<\/strong>: Cada ruta incluye un video para que sepas qu\u00e9 esperar.<\/li>\n\n\n\n<li>\ud83d\udccd <strong>Rutas por categor\u00edas<\/strong>: Descubre recorridos en <strong>ciudades, monta\u00f1as, parques, rutas misteriosas y experiencias en carreras<\/strong>.<\/li>\n\n\n\n<li>\ud83e\udd1d <strong>Comparte tus rutas<\/strong>: Descarga el formulario O <strong>Completa<\/strong> el formulario <strong>On-Line<\/strong>, con toda la informaci\u00f3n sobre tu ruta y env\u00edalo a: <strong><a href=\"mailto:runningcultural@gmail.com\">runningcultural@gmail.com<\/a><\/strong><\/li>\n<\/ul>\n<\/div><\/div>\n\n\n<div class=\"kb-row-layout-wrap kb-row-layout-id1317_02a1b3-85 aligncenter wp-block-kadence-rowlayout\"><div class=\"kt-row-column-wrap kt-has-2-columns kt-row-layout-row kt-tab-layout-inherit kt-mobile-layout-row kt-row-valign-top\">\n\n<div class=\"wp-block-kadence-column kadence-column1317_527b32-3a\"><div class=\"kt-inside-inner-col\">\n<div class=\"wp-block-kadence-advancedbtn kb-buttons-wrap kb-btns1317_5941e8-bd\"><a class=\"kb-button kt-button button kb-btn1317_44d519-92 kt-btn-size-standard kt-btn-width-type-auto kb-btn-global-fill  kt-btn-has-text-true kt-btn-has-svg-false  wp-block-kadence-singlebtn\" href=\"https:\/\/runningcultural.es\/wp-content\/uploads\/2025\/03\/Plantilla_Rutas_Final.docx\"><span class=\"kt-btn-inner-text\">Descargar Formulario completar y enviar<\/span><\/a><\/div>\n<\/div><\/div>\n\n\n\n<div class=\"wp-block-kadence-column kadence-column1317_bc4250-51\"><div class=\"kt-inside-inner-col\">\n<div class=\"wp-block-kadence-advancedbtn kb-buttons-wrap kb-btns1317_ec660e-3c\"><a class=\"kb-button kt-button button kb-btn1317_ccdce7-08 kt-btn-size-standard kt-btn-width-type-auto kb-btn-global-fill  kt-btn-has-text-true kt-btn-has-svg-false  wp-block-kadence-singlebtn\" href=\"https:\/\/runningcultural.es\/index.php\/colaboradores\/\" target=\"_blank\" rel=\"noreferrer noopener\"><span class=\"kt-btn-inner-text\">Formulario On-Line &#8211; Rutas\/Cr\u00f3nicas \/Carreras<\/span><\/a><\/div>\n<\/div><\/div>\n\n<\/div><\/div>\n\n\n<div class=\"wp-block-kadence-column kadence-column1317_666fa2-65\"><div class=\"kt-inside-inner-col\">\n<p>Corre s\u00f3lo o en grupo, pero siempre con la certeza de que <strong>cada paso es una nueva historia.<\/strong><\/p>\n\n\n\n<p><strong>Sin excusas, s\u00f3lo unas zapatillas y ganas de explorar<\/strong><\/p>\n\n\n\n<p class=\"has-text-align-center\"><em>\ud83c\udfc3\u2728 <strong>\u00a1Nos vemos en el camino!<\/strong><\/em>, <strong>el equipo de #RunnigCultural<\/strong><\/p>\n\n\n\n<p><strong>S\u00edguenos y \u00fanete a la comunidad:<\/strong><\/p>\n\n\n\n<p>\ud83c\udf0d<a href=\"https:\/\/runningcultural.es\/\" target=\"_blank\" rel=\"noreferrer noopener\"> Web<\/a>| \ud83d\udcf8 <a href=\"https:\/\/www.instagram.com\/runningcultural\/\" target=\"_blank\" rel=\"noreferrer noopener\">Instagram<\/a> | \ud83d\udcd8 <a href=\"https:\/\/www.facebook.com\/search\/top?q=runningcultural\" target=\"_blank\" rel=\"noreferrer noopener\">Facebook <\/a>| \ud83c\udfa5 <a href=\"https:\/\/www.youtube.com\/channel\/UCDZA9MjglR5EW6VIGs0uClQ\" target=\"_blank\" rel=\"noreferrer noopener\">YouTube<\/a> | \ud83c\udfb5 <a href=\"https:\/\/www.tiktok.com\/@runningcultural\" target=\"_blank\" rel=\"noreferrer noopener\">TikTok<\/a> | \u2709\ufe0f <a href=\"mailto:runningcultural@gmail.com\" target=\"_blank\" rel=\"noreferrer noopener\">runningcultural@gmail.com<\/a><\/p>\n<\/div><\/div>\n<\/div><\/div>\n\n<\/div><\/div>\n\n\n<p><\/p>\n<div class=\"pvc_clear\"><\/div><p id=\"pvc_stats_1317\" class=\"pvc_stats all  \" data-element-id=\"1317\" style=\"\"><i class=\"pvc-stats-icon small\" aria-hidden=\"true\"><svg aria-hidden=\"true\" focusable=\"false\" data-prefix=\"far\" data-icon=\"chart-bar\" role=\"img\" xmlns=\"http:\/\/www.w3.org\/2000\/svg\" viewBox=\"0 0 512 512\" class=\"svg-inline--fa fa-chart-bar fa-w-16 fa-2x\"><path fill=\"currentColor\" d=\"M396.8 352h22.4c6.4 0 12.8-6.4 12.8-12.8V108.8c0-6.4-6.4-12.8-12.8-12.8h-22.4c-6.4 0-12.8 6.4-12.8 12.8v230.4c0 6.4 6.4 12.8 12.8 12.8zm-192 0h22.4c6.4 0 12.8-6.4 12.8-12.8V140.8c0-6.4-6.4-12.8-12.8-12.8h-22.4c-6.4 0-12.8 6.4-12.8 12.8v198.4c0 6.4 6.4 12.8 12.8 12.8zm96 0h22.4c6.4 0 12.8-6.4 12.8-12.8V204.8c0-6.4-6.4-12.8-12.8-12.8h-22.4c-6.4 0-12.8 6.4-12.8 12.8v134.4c0 6.4 6.4 12.8 12.8 12.8zM496 400H48V80c0-8.84-7.16-16-16-16H16C7.16 64 0 71.16 0 80v336c0 17.67 14.33 32 32 32h464c8.84 0 16-7.16 16-16v-16c0-8.84-7.16-16-16-16zm-387.2-48h22.4c6.4 0 12.8-6.4 12.8-12.8v-70.4c0-6.4-6.4-12.8-12.8-12.8h-22.4c-6.4 0-12.8 6.4-12.8 12.8v70.4c0 6.4 6.4 12.8 12.8 12.8z\" class=\"\"><\/path><\/svg><\/i> <img decoding=\"async\" width=\"16\" height=\"16\" alt=\"Loading\" src=\"https:\/\/runningcultural.es\/wp-content\/plugins\/page-views-count\/ajax-loader-2x.gif\" border=0 \/><\/p><div class=\"pvc_clear\"><\/div><style class=\"advgb-styles-renderer\">.kb-row-layout-id1317_d290ff-2a > .kt-row-column-wrap{align-content:start;}:where(.kb-row-layout-id1317_d290ff-2a > .kt-row-column-wrap) > .wp-block-kadence-column{justify-content:start;}.kb-row-layout-id1317_d290ff-2a > .kt-row-column-wrap{column-gap:var(--global-kb-gap-md, 2rem);row-gap:var(--global-kb-gap-md, 2rem);padding-bottom:var(--global-kb-spacing-sm, 1.5rem);grid-template-columns:minmax(0, 1fr);}.kb-row-layout-id1317_d290ff-2a > .kt-row-layout-overlay{opacity:0.30;}@media all and (max-width: 1024px){.kb-row-layout-id1317_d290ff-2a > .kt-row-column-wrap{grid-template-columns:minmax(0, 1fr);}}@media all and (max-width: 767px){.kb-row-layout-id1317_d290ff-2a > .kt-row-column-wrap{row-gap:var(--global-kb-gap-sm, 1rem);grid-template-columns:minmax(0, 1fr);}}.kadence-column1317_fff318-bb > .kt-inside-inner-col{padding-top:var(--global-kb-spacing-4xl, 8rem);padding-bottom:0px;}.kadence-column1317_fff318-bb > .kt-inside-inner-col,.kadence-column1317_fff318-bb > .kt-inside-inner-col:before{border-top-left-radius:0px;border-top-right-radius:0px;border-bottom-right-radius:0px;border-bottom-left-radius:0px;}.kadence-column1317_fff318-bb > .kt-inside-inner-col{column-gap:var(--global-kb-gap-sm, 1rem);}.kadence-column1317_fff318-bb > .kt-inside-inner-col{flex-direction:column;}.kadence-column1317_fff318-bb > .kt-inside-inner-col > .aligncenter{width:100%;}.kadence-column1317_fff318-bb > .kt-inside-inner-col:before{opacity:0.3;}.kadence-column1317_fff318-bb{position:relative;}@media all and (max-width: 1024px){.kadence-column1317_fff318-bb > .kt-inside-inner-col{flex-direction:column;justify-content:center;}}@media all and (max-width: 767px){.kadence-column1317_fff318-bb > .kt-inside-inner-col{display:flex;row-gap:var(--global-kb-gap-sm, 1rem);flex-direction:column-reverse;justify-content:space-around;align-items:stretch;}.kt-row-column-wrap > .kadence-column1317_fff318-bb{align-self:center;}.kt-inner-column-height-full:not(.kt-has-1-columns) > .wp-block-kadence-column.kadence-column1317_fff318-bb{align-self:auto;}.kt-inner-column-height-full:not(.kt-has-1-columns) > .wp-block-kadence-column.kadence-column1317_fff318-bb > .kt-inside-inner-col{flex-direction:column;justify-content:space-around;}.kadence-column1317_fff318-bb{text-align:left;}}.kadence-column1317_c582af-c6 > .kt-inside-inner-col,.kadence-column1317_c582af-c6 > .kt-inside-inner-col:before{border-top-left-radius:0px;border-top-right-radius:0px;border-bottom-right-radius:0px;border-bottom-left-radius:0px;}.kadence-column1317_c582af-c6 > .kt-inside-inner-col{column-gap:var(--global-kb-gap-sm, 1rem);}.kadence-column1317_c582af-c6 > .kt-inside-inner-col{flex-direction:column;}.kadence-column1317_c582af-c6 > .kt-inside-inner-col > .aligncenter{width:100%;}.kadence-column1317_c582af-c6 > .kt-inside-inner-col:before{opacity:0.3;}.kadence-column1317_c582af-c6{position:relative;}@media all and (max-width: 1024px){.kadence-column1317_c582af-c6 > .kt-inside-inner-col{flex-direction:column;justify-content:center;}}@media all and (max-width: 767px){.kadence-column1317_c582af-c6 > .kt-inside-inner-col{flex-direction:column;justify-content:center;}}.kadence-column1317_29d990-19 > .kt-inside-inner-col,.kadence-column1317_29d990-19 > .kt-inside-inner-col:before{border-top-left-radius:0px;border-top-right-radius:0px;border-bottom-right-radius:0px;border-bottom-left-radius:0px;}.kadence-column1317_29d990-19 > .kt-inside-inner-col{column-gap:var(--global-kb-gap-sm, 1rem);}.kadence-column1317_29d990-19 > .kt-inside-inner-col{flex-direction:column;}.kadence-column1317_29d990-19 > .kt-inside-inner-col > .aligncenter{width:100%;}.kadence-column1317_29d990-19 > .kt-inside-inner-col:before{opacity:0.3;}.kadence-column1317_29d990-19{position:relative;}@media all and (max-width: 1024px){.kadence-column1317_29d990-19 > .kt-inside-inner-col{flex-direction:column;justify-content:center;}}@media all and (max-width: 767px){.kadence-column1317_29d990-19 > .kt-inside-inner-col{display:flex;row-gap:var(--global-kb-gap-none, 0rem );flex-direction:column;justify-content:flex-start;}.kt-row-column-wrap > .kadence-column1317_29d990-19{align-self:flex-start;}.kt-inner-column-height-full:not(.kt-has-1-columns) > .wp-block-kadence-column.kadence-column1317_29d990-19{align-self:auto;}.kt-inner-column-height-full:not(.kt-has-1-columns) > .wp-block-kadence-column.kadence-column1317_29d990-19 > .kt-inside-inner-col{flex-direction:column;justify-content:flex-start;}.kadence-column1317_29d990-19{text-align:left;}}.kadence-column1317_181a50-85 > .kt-inside-inner-col{display:flex;}.kadence-column1317_181a50-85 > .kt-inside-inner-col,.kadence-column1317_181a50-85 > .kt-inside-inner-col:before{border-top-left-radius:0px;border-top-right-radius:0px;border-bottom-right-radius:0px;border-bottom-left-radius:0px;}.kadence-column1317_181a50-85 > .kt-inside-inner-col{row-gap:0px;column-gap:var(--global-kb-gap-sm, 1rem);}.kadence-column1317_181a50-85 > .kt-inside-inner-col{flex-direction:column;justify-content:flex-start;}.kadence-column1317_181a50-85 > .kt-inside-inner-col > .aligncenter{width:100%;}.kt-row-column-wrap > .kadence-column1317_181a50-85{align-self:flex-start;}.kt-inner-column-height-full:not(.kt-has-1-columns) > .wp-block-kadence-column.kadence-column1317_181a50-85{align-self:auto;}.kt-inner-column-height-full:not(.kt-has-1-columns) > .wp-block-kadence-column.kadence-column1317_181a50-85 > .kt-inside-inner-col{flex-direction:column;justify-content:flex-start;}.kadence-column1317_181a50-85 > .kt-inside-inner-col:before{opacity:0.3;}.kadence-column1317_181a50-85{text-align:left;}.kadence-column1317_181a50-85{position:relative;}@media all and (max-width: 1024px){.kt-row-column-wrap > .kadence-column1317_181a50-85{align-self:flex-start;}}@media all and (max-width: 1024px){.kt-inner-column-height-full:not(.kt-has-1-columns) > .wp-block-kadence-column.kadence-column1317_181a50-85{align-self:auto;}}@media all and (max-width: 1024px){.kt-inner-column-height-full:not(.kt-has-1-columns) > .wp-block-kadence-column.kadence-column1317_181a50-85 > .kt-inside-inner-col{flex-direction:column;justify-content:flex-start;}}@media all and (max-width: 1024px){.kadence-column1317_181a50-85 > .kt-inside-inner-col{flex-direction:column;justify-content:flex-start;}}@media all and (max-width: 767px){.kt-row-column-wrap > .kadence-column1317_181a50-85{align-self:flex-start;}.kt-inner-column-height-full:not(.kt-has-1-columns) > .wp-block-kadence-column.kadence-column1317_181a50-85{align-self:auto;}.kt-inner-column-height-full:not(.kt-has-1-columns) > .wp-block-kadence-column.kadence-column1317_181a50-85 > .kt-inside-inner-col{flex-direction:column;justify-content:flex-start;}.kadence-column1317_181a50-85{max-width:698px;margin-left:auto;margin-right:auto;}.wp-block-kadence-column.kb-section-sm-dir-vertical:not(.kb-section-sm-dir-horizontal):not(.kb-section-sm-dir-specificity)>.kt-inside-inner-col>.kadence-column1317_181a50-85{-webkit-flex:0 1 698px;flex:0 1 698px;}.wp-block-kadence-column>.kt-inside-inner-col>.kadence-column1317_181a50-85{-webkit-flex:1 698px;flex:1 698px;}.wp-block-kadence-column.kb-section-sm-dir-horizontal>.kt-inside-inner-col>.kadence-column1317_181a50-85, .wp-block-kadence-column.kb-section-dir-horizontal:not(.kb-section-sm-dir-vertical):not(.kb-section-md-dir-vertical) >.kt-inside-inner-col>.kadence-column1317_181a50-85{-webkit-flex:0 1 698px;flex:0 1 698px;max-width:unset;margin-left:unset;margin-right:unset;}.kadence-column1317_181a50-85 > .kt-inside-inner-col{flex-direction:column;justify-content:flex-start;}}.kb-row-layout-id1317_02a1b3-85 > .kt-row-column-wrap{align-content:start;}:where(.kb-row-layout-id1317_02a1b3-85 > .kt-row-column-wrap) > .wp-block-kadence-column{justify-content:start;}.kb-row-layout-id1317_02a1b3-85 > .kt-row-column-wrap{column-gap:var(--global-kb-gap-md, 2rem);row-gap:var(--global-kb-gap-none, 0rem );padding-top:var(--global-kb-spacing-sm, 1.5rem);padding-bottom:var(--global-kb-spacing-md, 2rem);grid-template-columns:minmax(0, 1fr);}.kb-row-layout-id1317_02a1b3-85 > .kt-row-layout-overlay{opacity:0.30;}@media all and (max-width: 1024px){.kb-row-layout-id1317_02a1b3-85 > .kt-row-column-wrap{grid-template-columns:minmax(0, 1fr);}}@media all and (max-width: 767px){.kb-row-layout-id1317_02a1b3-85 > .kt-row-column-wrap{grid-template-columns:minmax(0, 1fr);}}.kadence-column1317_527b32-3a > .kt-inside-inner-col,.kadence-column1317_527b32-3a > .kt-inside-inner-col:before{border-top-left-radius:0px;border-top-right-radius:0px;border-bottom-right-radius:0px;border-bottom-left-radius:0px;}.kadence-column1317_527b32-3a > .kt-inside-inner-col{column-gap:var(--global-kb-gap-sm, 1rem);}.kadence-column1317_527b32-3a > .kt-inside-inner-col{flex-direction:column;}.kadence-column1317_527b32-3a > .kt-inside-inner-col > .aligncenter{width:100%;}.kadence-column1317_527b32-3a > .kt-inside-inner-col:before{opacity:0.3;}.kadence-column1317_527b32-3a{position:relative;}@media all and (max-width: 1024px){.kadence-column1317_527b32-3a > .kt-inside-inner-col{flex-direction:column;justify-content:center;}}@media all and (max-width: 767px){.kadence-column1317_527b32-3a > .kt-inside-inner-col{flex-direction:column;justify-content:center;}}.wp-block-kadence-advancedbtn.kb-btns1317_5941e8-bd{gap:var(--global-kb-gap-xs, 0.5rem );justify-content:center;align-items:flex-end;}.kt-btns1317_5941e8-bd .kt-button{font-weight:normal;font-style:normal;}.kt-btns1317_5941e8-bd .kt-btn-wrap-0{margin-right:5px;}.wp-block-kadence-advancedbtn.kt-btns1317_5941e8-bd .kt-btn-wrap-0 .kt-button{color:#555555;border-color:#555555;}.wp-block-kadence-advancedbtn.kt-btns1317_5941e8-bd .kt-btn-wrap-0 .kt-button:hover, .wp-block-kadence-advancedbtn.kt-btns1317_5941e8-bd .kt-btn-wrap-0 .kt-button:focus{color:#ffffff;border-color:#444444;}.wp-block-kadence-advancedbtn.kt-btns1317_5941e8-bd .kt-btn-wrap-0 .kt-button::before{display:none;}.wp-block-kadence-advancedbtn.kt-btns1317_5941e8-bd .kt-btn-wrap-0 .kt-button:hover, .wp-block-kadence-advancedbtn.kt-btns1317_5941e8-bd .kt-btn-wrap-0 .kt-button:focus{background:#444444;}@media all and (max-width: 767px){.wp-block-kadence-advancedbtn.kb-btns1317_5941e8-bd{padding-top:var(--global-kb-spacing-xxs, 0.5rem);}}ul.menu .wp-block-kadence-advancedbtn .kb-btn1317_44d519-92.kb-button{width:initial;}@media all and (max-width: 767px){.wp-block-kadence-advancedbtn .kb-btn1317_44d519-92.kb-button{padding-top:0px;}}.kadence-column1317_bc4250-51 > .kt-inside-inner-col,.kadence-column1317_bc4250-51 > .kt-inside-inner-col:before{border-top-left-radius:0px;border-top-right-radius:0px;border-bottom-right-radius:0px;border-bottom-left-radius:0px;}.kadence-column1317_bc4250-51 > .kt-inside-inner-col{column-gap:var(--global-kb-gap-sm, 1rem);}.kadence-column1317_bc4250-51 > .kt-inside-inner-col{flex-direction:column;}.kadence-column1317_bc4250-51 > .kt-inside-inner-col > .aligncenter{width:100%;}.kadence-column1317_bc4250-51 > .kt-inside-inner-col:before{opacity:0.3;}.kadence-column1317_bc4250-51{position:relative;}@media all and (max-width: 1024px){.kadence-column1317_bc4250-51 > .kt-inside-inner-col{flex-direction:column;justify-content:center;}}@media all and (max-width: 767px){.kadence-column1317_bc4250-51 > .kt-inside-inner-col{flex-direction:column;justify-content:center;}}.wp-block-kadence-advancedbtn.kb-btns1317_ec660e-3c{padding-top:var(--global-kb-spacing-xxs, 0.5rem);gap:var(--global-kb-gap-xs, 0.5rem );justify-content:center;align-items:center;}.kt-btns1317_ec660e-3c .kt-button{font-weight:normal;font-style:normal;}.kt-btns1317_ec660e-3c .kt-btn-wrap-0{margin-right:5px;}.wp-block-kadence-advancedbtn.kt-btns1317_ec660e-3c .kt-btn-wrap-0 .kt-button{color:#555555;border-color:#555555;}.wp-block-kadence-advancedbtn.kt-btns1317_ec660e-3c .kt-btn-wrap-0 .kt-button:hover, .wp-block-kadence-advancedbtn.kt-btns1317_ec660e-3c .kt-btn-wrap-0 .kt-button:focus{color:#ffffff;border-color:#444444;}.wp-block-kadence-advancedbtn.kt-btns1317_ec660e-3c .kt-btn-wrap-0 .kt-button::before{display:none;}.wp-block-kadence-advancedbtn.kt-btns1317_ec660e-3c .kt-btn-wrap-0 .kt-button:hover, .wp-block-kadence-advancedbtn.kt-btns1317_ec660e-3c .kt-btn-wrap-0 .kt-button:focus{background:#444444;}@media all and (max-width: 767px){.wp-block-kadence-advancedbtn.kb-btns1317_ec660e-3c{padding-top:var(--global-kb-spacing-xxs, 0.5rem);}}ul.menu .wp-block-kadence-advancedbtn .kb-btn1317_ccdce7-08.kb-button{width:initial;}@media all and (max-width: 767px){.wp-block-kadence-advancedbtn .kb-btn1317_ccdce7-08.kb-button{padding-top:0px;}}.kadence-column1317_666fa2-65 > .kt-inside-inner-col,.kadence-column1317_666fa2-65 > .kt-inside-inner-col:before{border-top-left-radius:0px;border-top-right-radius:0px;border-bottom-right-radius:0px;border-bottom-left-radius:0px;}.kadence-column1317_666fa2-65 > .kt-inside-inner-col{column-gap:var(--global-kb-gap-sm, 1rem);}.kadence-column1317_666fa2-65 > .kt-inside-inner-col{flex-direction:column;}.kadence-column1317_666fa2-65 > .kt-inside-inner-col > .aligncenter{width:100%;}.kadence-column1317_666fa2-65 > .kt-inside-inner-col:before{opacity:0.3;}.kadence-column1317_666fa2-65{position:relative;}@media all and (max-width: 1024px){.kadence-column1317_666fa2-65 > .kt-inside-inner-col{flex-direction:column;justify-content:center;}}@media all and (max-width: 767px){.kadence-column1317_666fa2-65 > .kt-inside-inner-col{display:flex;row-gap:var(--global-kb-gap-none, 0rem );flex-direction:column;justify-content:center;}}<\/style>","protected":false},"excerpt":{"rendered":"<p>#RunningCultural \ud83c\udfc3Unimos la #pasi\u00f3n por correr con el #placer de descubrir la historia, la cultura y los rincones ocultos de cada lugar. Desde rutas urbanas cortas hasta aventuras en la monta\u00f1a, pasando por experiencias en carreras organizadas, aqu\u00ed encontrar\u00e1s el camino perfecto para ti. Corre s\u00f3lo o en grupo, pero siempre con la certeza de&#8230;<\/p>\n<div class=\"pvc_clear\"><\/div>\n<p id=\"pvc_stats_1317\" class=\"pvc_stats all  \" data-element-id=\"1317\" style=\"\"><i class=\"pvc-stats-icon small\" aria-hidden=\"true\"><svg aria-hidden=\"true\" focusable=\"false\" data-prefix=\"far\" data-icon=\"chart-bar\" role=\"img\" xmlns=\"http:\/\/www.w3.org\/2000\/svg\" viewBox=\"0 0 512 512\" class=\"svg-inline--fa fa-chart-bar fa-w-16 fa-2x\"><path fill=\"currentColor\" d=\"M396.8 352h22.4c6.4 0 12.8-6.4 12.8-12.8V108.8c0-6.4-6.4-12.8-12.8-12.8h-22.4c-6.4 0-12.8 6.4-12.8 12.8v230.4c0 6.4 6.4 12.8 12.8 12.8zm-192 0h22.4c6.4 0 12.8-6.4 12.8-12.8V140.8c0-6.4-6.4-12.8-12.8-12.8h-22.4c-6.4 0-12.8 6.4-12.8 12.8v198.4c0 6.4 6.4 12.8 12.8 12.8zm96 0h22.4c6.4 0 12.8-6.4 12.8-12.8V204.8c0-6.4-6.4-12.8-12.8-12.8h-22.4c-6.4 0-12.8 6.4-12.8 12.8v134.4c0 6.4 6.4 12.8 12.8 12.8zM496 400H48V80c0-8.84-7.16-16-16-16H16C7.16 64 0 71.16 0 80v336c0 17.67 14.33 32 32 32h464c8.84 0 16-7.16 16-16v-16c0-8.84-7.16-16-16-16zm-387.2-48h22.4c6.4 0 12.8-6.4 12.8-12.8v-70.4c0-6.4-6.4-12.8-12.8-12.8h-22.4c-6.4 0-12.8 6.4-12.8 12.8v70.4c0 6.4 6.4 12.8 12.8 12.8z\" class=\"\"><\/path><\/svg><\/i> <img decoding=\"async\" width=\"16\" height=\"16\" alt=\"Loading\" src=\"https:\/\/runningcultural.es\/wp-content\/plugins\/page-views-count\/ajax-loader-2x.gif\" border=0 \/><\/p>\n<div class=\"pvc_clear\"><\/div>\n","protected":false},"author":1,"featured_media":0,"parent":0,"menu_order":0,"comment_status":"closed","ping_status":"closed","template":"","meta":{"_eb_attr":"","inline_featured_image":false,"advgb_blocks_editor_width":"","advgb_blocks_columns_visual_guide":"","_kadence_starter_templates_imported_post":false,"_kad_post_transparent":"","_kad_post_title":"hide","_kad_post_layout":"normal","_kad_post_sidebar_id":"","_kad_post_content_style":"default","_kad_post_vertical_padding":"","_kad_post_feature":"","_kad_post_feature_position":"","_kad_post_header":false,"_kad_post_footer":false,"_kad_post_classname":"","footnotes":""},"class_list":["post-1317","page","type-page","status-publish","hentry"],"coauthors":[],"author_meta":{"author_link":"https:\/\/runningcultural.es\/index.php\/author\/basalox\/","display_name":"Basalox"},"relative_dates":{"created":"Publicado 1 a\u00f1o hace","modified":"Actualizado 11 meses hace"},"absolute_dates":{"created":"Publicado el 29 de diciembre de 2024","modified":"Actualizado el 17 de junio de 2025"},"absolute_dates_time":{"created":"Publicado el 29 de diciembre de 2024 12:20","modified":"Actualizado el 17 de junio de 2025 22:56"},"featured_img_caption":"","featured_img":false,"series_order":null,"post_mailing_queue_ids":[],"_links":{"self":[{"href":"https:\/\/runningcultural.es\/index.php\/wp-json\/wp\/v2\/pages\/1317","targetHints":{"allow":["GET"]}}],"collection":[{"href":"https:\/\/runningcultural.es\/index.php\/wp-json\/wp\/v2\/pages"}],"about":[{"href":"https:\/\/runningcultural.es\/index.php\/wp-json\/wp\/v2\/types\/page"}],"author":[{"embeddable":true,"href":"https:\/\/runningcultural.es\/index.php\/wp-json\/wp\/v2\/users\/1"}],"replies":[{"embeddable":true,"href":"https:\/\/runningcultural.es\/index.php\/wp-json\/wp\/v2\/comments?post=1317"}],"version-history":[{"count":258,"href":"https:\/\/runningcultural.es\/index.php\/wp-json\/wp\/v2\/pages\/1317\/revisions"}],"predecessor-version":[{"id":3230,"href":"https:\/\/runningcultural.es\/index.php\/wp-json\/wp\/v2\/pages\/1317\/revisions\/3230"}],"wp:attachment":[{"href":"https:\/\/runningcultural.es\/index.php\/wp-json\/wp\/v2\/media?parent=1317"}],"curies":[{"name":"wp","href":"https:\/\/api.w.org\/{rel}","templated":true}]}}